{"id":38830,"date":"2022-05-12T23:54:00","date_gmt":"2022-05-12T21:54:00","guid":{"rendered":"https:\/\/www.mademuranoglass.com\/privacy-statement-uk\/"},"modified":"2025-01-08T08:23:46","modified_gmt":"2025-01-08T07:23:46","slug":"privacy-statement-uk","status":"publish","type":"page","link":"https:\/\/www.mademuranoglass.com\/it\/privacy-statement-uk\/","title":{"rendered":"Privacy Statement (UK)"},"content":{"rendered":"\n<!-- Legal document generated by Complianz | GDPR\/CCPA Cookie Consent https:\/\/wordpress.org\/plugins\/complianz-gdpr -->\n<div id=\"cmplz-document\" class=\"cmplz-document privacy-statement cmplz-document-uk\"><p><i>This privacy statement was last updated on 29\/10\/2025 and applies to citizens and legal permanent residents of the United Kingdom.<\/i><br><br><\/p><p>In this privacy statement, we explain what we do with the data we obtain about you via <a href=\"https:\/\/www.mademuranoglass.com\/it\/\">https:\/\/www.mademuranoglass.com\/it\/<\/a>. We recommend you carefully read this statement. In our processing we comply with the requirements of privacy legislation. That means, among other things, that:<\/p><ul>\n                <li>we clearly state the purposes for which we process personal data. We do this by means of this privacy statement;<\/li>\n                <li>we aim to limit our collection of personal data to only the personal data required for legitimate purposes;<\/li>\n                <li>we first request your explicit consent to process your personal data in cases requiring your consent;<\/li>\n                <li>we take appropriate security measures to protect your personal data and also require this from parties that process personal data on our behalf;<\/li>\n                <li>we respect your right to access your personal data or have it corrected or deleted, at your request.<\/li>\n            <\/ul><p>If you have any questions, or want to know exactly what data we keep of you, please contact us.<\/p><h2>1. Scopo, dati e periodo di conservazione<\/h2>Possiamo raccogliere o ricevere informazioni personali per una serie di scopi legati alle nostre operazioni commerciali che possono includere quanto segue: (clicca per espandere)<details class=\"cmplz-dropdown dropdown-privacy-statement\"><summary><div><h3>1.1 Contatto - Tramite telefono, posta, email e\/o moduli web<\/h3><\/div><\/summary><p class=\"cmplz-subtitle\">Per questo scopo usiamo i seguenti dati:<\/p><p><ul><li>Un nome e cognome<\/li><li>Una casa oppure un differente indirizzo fisico, incluso nome della via e citt\u00e0<\/li><li>Un indirizzo email<\/li><li>Un numero di telefono<\/li><\/ul><\/p><p class=\"cmplz-subtitle\">La base con la quale processiamo i dati \u00e8:<\/p><p><a target=\"_blank\" rel=\"noopener noreferrer nofollow\" href=\"https:\/\/cookiedatabase.org\/legal-bases\/#consent\">Su disposizione del consenso.<\/a><\/p><p class=\"cmplz-subtitle\">Periodo di conservazione<\/p><p>Conserviamo questi dati fino al termine del servizio.<\/p><\/details><details class=\"cmplz-dropdown dropdown-privacy-statement\"><summary><div><h3>1.2 Pagamenti<\/h3><\/div><\/summary><p class=\"cmplz-subtitle\">Per questo scopo usiamo i seguenti dati:<\/p><p><ul><li>Un nome e cognome<\/li><li>Una casa oppure un differente indirizzo fisico, incluso nome della via e citt\u00e0<\/li><li>Un indirizzo email<\/li><li>Un numero di telefono<\/li><li>Informazioni finanziarie come il numero del conto bancario o della carta di credito<\/li><\/ul><\/p><p class=\"cmplz-subtitle\">La base con la quale processiamo i dati \u00e8:<\/p><p><a target=\"_blank\" rel=\"noopener noreferrer nofollow\" href=\"https:\/\/cookiedatabase.org\/legal-bases\/#consent\">Su disposizione del consenso.<\/a><\/p><p class=\"cmplz-subtitle\">Periodo di conservazione<\/p><p>Conserviamo questi dati fino al termine del servizio.<\/p><\/details><details class=\"cmplz-dropdown dropdown-privacy-statement\"><summary><div><h3>1.3 Newsletter<\/h3><\/div><\/summary><p class=\"cmplz-subtitle\">Per questo scopo usiamo i seguenti dati:<\/p><p><ul><li>Un nome e cognome<\/li><li>Una casa oppure un differente indirizzo fisico, incluso nome della via e citt\u00e0<\/li><li>Un indirizzo email<\/li><\/ul><\/p><p class=\"cmplz-subtitle\">La base con la quale processiamo i dati \u00e8:<\/p><p><a target=\"_blank\" rel=\"noopener noreferrer nofollow\" href=\"https:\/\/cookiedatabase.org\/legal-bases\/#consent\">Su disposizione del consenso.<\/a><\/p><p class=\"cmplz-subtitle\">Periodo di conservazione<\/p><p>Conserviamo questi dati fino al termine del servizio.<\/p><\/details><details class=\"cmplz-dropdown dropdown-privacy-statement\"><summary><div><h3>1.4 Per supportare servizi o prodotti che un cliente vogliono o hanno comprato<\/h3><\/div><\/summary><p class=\"cmplz-subtitle\">Per questo scopo usiamo i seguenti dati:<\/p><p><ul><li>Un nome e cognome<\/li><li>Una casa oppure un differente indirizzo fisico, incluso nome della via e citt\u00e0<\/li><li>Un indirizzo email<\/li><li>Un numero di telefono<\/li><\/ul><\/p><p class=\"cmplz-subtitle\">La base con la quale processiamo i dati \u00e8:<\/p><p><a target=\"_blank\" rel=\"noopener noreferrer nofollow\" href=\"https:\/\/cookiedatabase.org\/legal-bases\/#consent\">Su disposizione del consenso.<\/a><\/p><p class=\"cmplz-subtitle\">Periodo di conservazione<\/p><p>Conserviamo questi dati fino al termine del servizio.<\/p><\/details><details class=\"cmplz-dropdown dropdown-privacy-statement\"><summary><div><h3>1.5 Per essere in grado di rispettare gli obblighi legali<\/h3><\/div><\/summary><p class=\"cmplz-subtitle\">Per questo scopo usiamo i seguenti dati:<\/p><p><ul><li>Un nome e cognome<\/li><li>Una casa oppure un differente indirizzo fisico, incluso nome della via e citt\u00e0<\/li><li>Un indirizzo email<\/li><li>Un numero di telefono<\/li><\/ul><\/p><p class=\"cmplz-subtitle\">La base con la quale processiamo i dati \u00e8:<\/p><p><a target=\"_blank\" rel=\"noopener noreferrer nofollow\" href=\"https:\/\/cookiedatabase.org\/legal-bases\/#consent\">Su disposizione del consenso.<\/a><\/p><p class=\"cmplz-subtitle\">Periodo di conservazione<\/p><p>Conserviamo questi dati fino al termine del servizio.<\/p><\/details><details class=\"cmplz-dropdown dropdown-privacy-statement\"><summary><div><h3>1.6 Compilazione ed analisi di statistiche per migliore il sito.<\/h3><\/div><\/summary><p class=\"cmplz-subtitle\">Per questo scopo usiamo i seguenti dati:<\/p><p><ul><li>Dati geolocalizzazione<\/li><\/ul><\/p><p class=\"cmplz-subtitle\">La base con la quale processiamo i dati \u00e8:<\/p><p><a target=\"_blank\" rel=\"noopener noreferrer nofollow\" href=\"https:\/\/cookiedatabase.org\/legal-bases\/#consent\">Su disposizione del consenso.<\/a><\/p><p class=\"cmplz-subtitle\">Periodo di conservazione<\/p><p>Conserviamo questi dati fino al termine del servizio.<\/p><\/details><details class=\"cmplz-dropdown dropdown-privacy-statement\"><summary><div><h3>1.7 Per poter offrire prodotti e servizi personalizzati<\/h3><\/div><\/summary><p class=\"cmplz-subtitle\">Per questo scopo usiamo i seguenti dati:<\/p><p><ul><li>Un nome e cognome<\/li><li>Una casa oppure un differente indirizzo fisico, incluso nome della via e citt\u00e0<\/li><li>Un indirizzo email<\/li><li>Informazione attivit\u00e0 internet, incluso ma senza limitarsi ad essi, cronologia navigazione, cronologia ricerche, ed informazioni riguardo l&#039;interazione di un utente con un sito web internet, applicazioni o pubblicit\u00e0<\/li><li>Dati geolocalizzazione<\/li><\/ul><\/p><p class=\"cmplz-subtitle\">La base con la quale processiamo i dati \u00e8:<\/p><p><a target=\"_blank\" rel=\"noopener noreferrer nofollow\" href=\"https:\/\/cookiedatabase.org\/legal-bases\/#consent\">Su disposizione del consenso.<\/a><\/p><p class=\"cmplz-subtitle\">Periodo di conservazione<\/p><p>Conserviamo questi dati fino al termine del servizio.<\/p><\/details><details class=\"cmplz-dropdown dropdown-privacy-statement\"><summary><div><h3>1.8 Recapiti<\/h3><\/div><\/summary><p class=\"cmplz-subtitle\">Per questo scopo usiamo i seguenti dati:<\/p><p><ul><li>Un nome e cognome<\/li><li>Una casa oppure un differente indirizzo fisico, incluso nome della via e citt\u00e0<\/li><li>Un indirizzo email<\/li><li>Un numero di telefono<\/li><li>Dati geolocalizzazione<\/li><\/ul><\/p><p class=\"cmplz-subtitle\">La base con la quale processiamo i dati \u00e8:<\/p><p><a target=\"_blank\" rel=\"noopener noreferrer nofollow\" href=\"https:\/\/cookiedatabase.org\/legal-bases\/#consent\">Su disposizione del consenso.<\/a><\/p><p class=\"cmplz-subtitle\">Periodo di conservazione<\/p><p>Conserviamo questi dati fino al termine del servizio.<\/p><\/details><h2>2. Sharing with other parties<\/h2><p>We only share or disclose this data to processors for the following purposes:<\/p><p class=\"cmplz-subtitle\">Processors<\/p><p><b>Name:<\/b>&nbsp;Paypal<br>\n                <b>Country:<\/b>&nbsp;Ireland<br>\n                <b>Purpose:<\/b>&nbsp;Payment<br><b>Name:<\/b>&nbsp;Stripe<br>\n                <b>Country:<\/b>&nbsp;USA<br>\n                <b>Purpose:<\/b>&nbsp;Payment<br><b>Name:<\/b>&nbsp;DHL<br>\n                <b>Country:<\/b>&nbsp;Italy<br>\n                <b>Purpose:<\/b>&nbsp;Delivery<br><b>Name:<\/b>&nbsp;UPS<br>\n                <b>Country:<\/b>&nbsp;Italy<br>\n                <b>Purpose:<\/b>&nbsp;Delivery<br><\/p><h2>3. Cookies<\/h2><p>Our website uses cookies. For more information about cookies, please refer to our <a href=\"https:\/\/www.mademuranoglass.com\/it\/cookie-policy-uk\/\">Cookie Policy<\/a>.&nbsp;<\/p><h2>4. Disclosure practices<\/h2><p><p>We disclose personal information if we are required by law or by a court order, in response to a law enforcement agency, to the extent permitted under other provisions of law, to provide information, or for an investigation on a matter related to public safety.<\/p><p>If our website or organisation is taken over, sold, or involved in a merger or acquisition, your details may be disclosed to our advisers and any prospective purchasers and will be passed on to the new owners.<\/p><\/p><p>We have concluded a data processing agreement with Google.<\/p><p>Google may not use the data for any other Google services.<\/p><p>The inclusion of full IP addresses is blocked by us.<\/p><h2>5. Security<\/h2><p>We are committed to the security of personal data. We take appropriate security measures to limit abuse of and unauthorised access to personal data. This ensures that only the necessary persons have access to your data, that access to the data is protected, and that our security measures are regularly reviewed.<\/p><p>The security measures we use consist of:<\/p><p><ul><li>Sicurezza d&#039;Accesso<\/li><li>DKIM, SPF, DMARC e altre impostazioni DNS specifiche<\/li><li>Crittografia (START)TLS \/ SSL \/ DANE<\/li><li>Hardening Sito\/Funzioni di Sicurezza<\/li><li>Misure di sicurezza dell&#039;hardware che contiene o elabora dati personali.<\/li><\/ul><\/p><h2>6. Third-party websites<\/h2><p>This privacy statement does not apply to third-party websites connected by links on our website. We cannot guarantee that these third parties handle your personal data in a reliable or secure manner. We recommend you read the privacy statements of these websites prior to making use of these websites.<\/p><h2>7. Amendments to this privacy statement<\/h2><p>We reserve the right to make amendments to this privacy statement. It is recommended that you consult this privacy statement regularly in order to be aware of any changes. In addition, we will actively inform you wherever possible.<\/p><h2>8. Accessing and modifying your data<\/h2><p>If you have any questions or want to know which personal data we have about you, please contact us. You can contact us by using the information below. You have the following rights:<\/p><ul>\n                <li>You have the right to know why your personal data is needed, what will happen to it, and how long it will be retained for.<\/li>\n                <li>Right of access: You have the right to access your personal data that is known to us.<\/li>\n                <li>Right to rectification: you have the right to supplement, correct, have deleted or blocked your personal data whenever you wish.<\/li>\n                <li>If you give us your consent to process your data, you have the right to revoke that consent and to have your personal data deleted.<\/li>\n                <li>Right to transfer your data: you have the right to request all your personal data from the controller and transfer it in its entirety to another controller.<\/li>\n                <li>Right to object: you may object to the processing of your data. We comply with this, unless there are justified grounds for processing.<\/li>\n            <\/ul><p>Please make sure to always clearly state who you are, so that we can be certain that we do not modify or delete any data of the wrong person.<\/p><h2>9. Submitting a complaint<\/h2><p>If you are not satisfied with the way in which we handle (a complaint about) the processing of your personal data, you have the right to submit a complaint to the Information Commissioner's Office:<\/p><p><br>Wycliffe House<br>\n                        Water Lane<br>\n                        Wilmslow<br>\n                        Cheshire<br>\n                        SK9 5AF<\/p><h2>10. Children<\/h2><p>Our website is not designed to attract children and it is not our intent to collect personal data from children under the age of consent in their country of residence. We therefore request that children under the age of consent do not submit any personal data to us.<\/p><h2>11. Contact details<\/h2><p>Made Murano Glass di Dei Rossi Alvise<br>\n        Calle del Cimitero n.6, 30141 MURANO VE<br>\n        Italia<br>\n        Website: <a href=\"https:\/\/www.mademuranoglass.com\/it\/\">https:\/\/www.mademuranoglass.com\/it\/<\/a> <br>\n        Email: <span class=\"cmplz-obfuscate\">inf&#111;@<span class=\"cmplz-fmail-domain\">e&#120;.&#099;&#111;&#109;<\/span>&#109;ade&#109;&#117;&#114;anogl&#097;&#115;&#115;&#046;&#099;o&#109;<\/span> <br>\n        Numero di telefono: +39 329 33 08 045<\/p><h2>Annex<\/h2><p><h3>YouTube<\/h3>\nIl nostro sito Web utilizza plug-in di YouTube, gestito da Google. Il gestore delle pagine \u00e8 YouTube LLC, 901 Cherry Ave., San Bruno, CA 94066, USA.\n\nSe visiti una delle nostre pagine con un plug-in di YouTube, viene stabilita una connessione ai server di YouTube. Qui il server di YouTube viene informato su quale delle nostre pagine hai visitato.\n\nSe hai effettuato l'accesso al tuo account YouTube, YouTube ti consente di associare il tuo comportamento di navigazione direttamente al tuo profilo personale. Puoi impedirlo disconnettendoti dal tuo account YouTube.\n\nYouTube viene utilizzato per rendere attraente il nostro sito web. Ci\u00f2 costituisce un legittimo interesse ai sensi dell'art. 6 (1) (f) GDPR.\n\nUlteriori informazioni sul trattamento dei dati degli utenti sono disponibili nella dichiarazione sulla protezione dei dati di YouTube sotto <a href=\"https:\/\/www.google.de\/intl\/de\/policies\/privacy\" target=\"_blank\" rel=\"noopener \">https:\/\/www.google.de\/intl\/de\/policies\/privacy<\/a>.\n\n\n<h3>Caratteri web di Google<\/h3>\nPer una rappresentazione uniforme dei caratteri, questa pagina utilizza i caratteri Web forniti da Google. Quando si apre una pagina, il browser carica i caratteri Web richiesti nella cache del browser per visualizzare correttamente testi e caratteri.\n\nA tale scopo il tuo browser deve stabilire una connessione diretta ai server di Google. Google viene cos\u00ec a conoscenza del fatto che la nostra pagina web \u00e8 stata visitata tramite il tuo indirizzo IP. L'uso dei caratteri Web di Google avviene nell'interesse di una presentazione uniforme e attraente del nostro plug-in. Ci\u00f2 costituisce un legittimo interesse ai sensi dell'art. 6 (1) (f) GDPR.\n\nSe il tuo browser non supporta i caratteri web, il tuo computer utilizza un carattere standard.\n\nUlteriori informazioni sulla gestione dei dati degli utenti sono disponibili all'indirizzo <a href=\"https:\/\/developers.google.com\/fonts\/faq\" target=\"_blank\" rel=\"noopener\">https:\/\/developers.google.com \/fonts\/faq<\/a> e nell'informativa sulla privacy di Google all'indirizzo <a href=\"https:\/\/www.google.com\/policies\/privacy\/\" target=\"_blank\" rel=\"noopener\">https:\/\/www .google.com\/policies\/privacy\/<\/a>.\n\n\n<h3>YITH Plugin<\/h3>\n<div class=\"wp-suggested-text\">\n<p class=\"privacy-policy-tutorial\">Questo linguaggio di esempio include le nozioni di base sui dati personali che il tuo negozio potrebbe raccogliere, archiviare e condividere, nonch\u00e9 su chi potrebbe avere accesso a tali dati. A seconda delle impostazioni abilitate e dei plug-in aggiuntivi utilizzati, le informazioni specifiche condivise dal tuo negozio varieranno. Ti consigliamo di consultare un avvocato quando decidi quali informazioni divulgare sulla tua politica sulla privacy.<\/p>\n\n<h2>Cosa raccogliamo e conserviamo<\/h2>\n<p class=\"privacy-policy-tutorial\"><strong>YITH <\/strong><\/p>\nDurante la tua visita al nostro sito, terremo traccia di:\n<ul>\n <li>Prodotti aggiunti al carrello: verranno utilizzati per inviarti messaggi di marketing e invitarti a completare l'ordine.<\/li>\n <li>Nome, Cognome, Email e Numero di telefono: dati utilizzati allo scopo di contattarti.<\/li>\n<\/ul>\nUtilizzeremo anche i cookie per tenere traccia dell'ID del carrello durante la navigazione nel nostro sito.\n<p class=\"privacy-policy-tutorial\">Nota: potresti voler fornire ulteriori dettagli sulla tua politica sui cookie e aggiungere un link a quella sezione da qui.<\/p>\n\n<h2>Chi ha accesso nel nostro team<\/h2>\n<p class=\"privacy-policy-tutorial\"><strong>YITH WooCommerce Recupera il carrello abbandonato Premium<\/strong><\/p>\nI membri del nostro team hanno accesso alle informazioni fornite. Ad esempio, sia gli amministratori che i gestori di negozio.\n\nI membri del nostro team hanno accesso a queste informazioni per aiutarti a evadere gli ordini e fornire supporto.\n\n<\/div>\n<h3>WooCommerce<\/h3>\n<div class=\"wp-suggested-text\">\n<p class=\"privacy-policy-tutorial\">Questo linguaggio di esempio include le nozioni di base sui dati personali che il tuo negozio potrebbe raccogliere, archiviare e condividere, nonch\u00e9 su chi potrebbe avere accesso a tali dati. A seconda delle impostazioni abilitate e dei plug-in aggiuntivi utilizzati, le informazioni specifiche condivise dal tuo negozio varieranno. Ti consigliamo di consultare un avvocato quando decidi quali informazioni divulgare sulla tua politica sulla privacy.<\/p>\nRaccogliamo informazioni su di te durante il processo di pagamento nel nostro negozio.\n<h2>Cosa raccogliamo e conserviamo<\/h2>\nMentre visiti il \u200b\u200bnostro sito, terremo traccia di:\n<ul>\n \t<li>Prodotti che hai visualizzato: lo utilizzeremo, ad esempio, per mostrarti i prodotti che hai visualizzato di recente<\/li>\n <li>Posizione, indirizzo IP e tipo di browser: lo useremo per scopi come la stima delle tasse e della spedizione<\/li>\n <li>Indirizzo di spedizione: ti chiederemo di inserirlo in modo da poter, ad esempio, stimare la spedizione prima di effettuare un ordine e inviarti l'ordine!<\/li>\n<\/ul>\nUtilizzeremo i cookie anche per tenere traccia dei contenuti del carrello durante la navigazione nel nostro sito.\n<p class=\"privacy-policy-tutorial\">Nota: potresti voler dettagliare ulteriormente la tua politica sui cookie e collegarti a quella sezione da qui.<\/p>\nQuando acquisti da noi, ti chiederemo di fornire informazioni tra cui nome, indirizzo di fatturazione, indirizzo di spedizione, indirizzo e-mail, numero di telefono, dettagli della carta di credito\/di pagamento e informazioni sull'account opzionali come nome utente e password. Utilizzeremo queste informazioni per scopi quali:\n<ul>\n <li>Inviarti informazioni sul tuo account e sull'ordine<\/li>\n <li>Rispondi alle tue richieste, inclusi rimborsi e reclami<\/li>\n <li>Elabora i pagamenti e previeni le frodi<\/li>\n <li>Configura il tuo account per il nostro negozio<\/li>\n <li>Rispettare tutti gli obblighi legali che abbiamo, come il calcolo delle tasse<\/li>\n <li>Migliora le offerte del nostro negozio<\/li>\n <li>Inviarti messaggi di marketing, se scegli di riceverli<\/li>\n<\/ul>\nSe crei un account, memorizzeremo il tuo nome, indirizzo, e-mail e numero di telefono, che verranno utilizzati per popolare il checkout per ordini futuri.\n\nGeneralmente memorizziamo le informazioni su di te per tutto il tempo in cui abbiamo bisogno delle informazioni per gli scopi per cui le raccogliamo e le utilizziamo e non siamo legalmente obbligati a continuare a conservarle. Ad esempio, memorizzeremo le informazioni sugli ordini per 5 anni a fini fiscali e contabili. Ci\u00f2 include il tuo nome, indirizzo e-mail e indirizzi di fatturazione e spedizione.\n\nConserveremo anche commenti o recensioni, se scegli di lasciarli.\n<h2>Chi ha accesso nel nostro team<\/h2>\nI membri del nostro team hanno accesso alle informazioni che ci fornisci. Ad esempio, sia gli Amministratori che i Gestori di Negozio possono accedere a:\n<ul>\n <li>Informazioni sull'ordine come ci\u00f2 che \u00e8 stato acquistato, quando \u00e8 stato acquistato e dove deve essere inviato e<\/li>\n <li>Informazioni sul cliente come nome, indirizzo e-mail e dati di fatturazione e spedizione.<\/li>\n<\/ul>\nI membri del nostro team hanno accesso a queste informazioni per aiutare a evadere gli ordini, elaborare i rimborsi e supportarti.\n<h2>Cosa condividiamo con gli altri<\/h2>\n<p class=\"privacy-policy-tutorial\">In questa sezione dovresti elencare con chi stai condividendo i dati e per quale scopo. Ci\u00f2 potrebbe includere, a titolo esemplificativo, analisi, marketing, gateway di pagamento, fornitori di spedizioni e incorporamenti di terze parti.<\/p>\nCondividiamo le informazioni con terze parti che ci aiutano a fornirti i nostri ordini e i servizi di negozio; Per esempio --\n<h3>Pagamenti<\/h3>\n<p class=\"privacy-policy-tutorial\">In questa sottosezione dovresti elencare quali processori di pagamento di terze parti stai utilizzando per accettare pagamenti nel tuo negozio poich\u00e9 questi potrebbero gestire i dati dei clienti. Abbiamo incluso PayPal come esempio, ma dovresti rimuoverlo se non stai utilizzando PayPal.<\/p>\nAccettiamo pagamenti tramite PayPal. Durante l'elaborazione dei pagamenti, alcuni dei tuoi dati verranno trasmessi a PayPal, comprese le informazioni necessarie per elaborare o supportare il pagamento, come il totale dell'acquisto e le informazioni di fatturazione.\n\nPer maggiori dettagli, consulta la <a href=\"https:\/\/www.paypal.com\/us\/webapps\/mpp\/ua\/privacy-full\">Informativa sulla privacy di PayPal<\/a>.\n\n<\/div><\/p><\/div>\n","protected":false},"excerpt":{"rendered":"","protected":false},"author":1,"featured_media":0,"parent":0,"menu_order":0,"comment_status":"open","ping_status":"open","template":"","meta":{"footnotes":""},"class_list":["post-38830","page","type-page","status-publish"],"yoast_head":"<!-- This site is optimized with the Yoast SEO plugin v26.9 - https:\/\/yoast.com\/product\/yoast-seo-wordpress\/ -->\n<title>Privacy Statement (UK) - Made Murano Glass<\/title>\n<meta name=\"robots\" content=\"noindex, nofollow\" \/>\n<meta property=\"og:locale\" content=\"it_IT\" \/>\n<meta property=\"og:type\" content=\"article\" \/>\n<meta property=\"og:title\" content=\"Privacy Statement (UK) - Made Murano Glass\" \/>\n<meta property=\"og:url\" content=\"https:\/\/www.mademuranoglass.com\/it\/privacy-statement-uk\/\" \/>\n<meta property=\"og:site_name\" content=\"Made Murano Glass\" \/>\n<meta property=\"article:publisher\" content=\"https:\/\/www.facebook.com\/mademuranoglass.com.it\" \/>\n<meta property=\"article:modified_time\" content=\"2025-01-08T07:23:46+00:00\" \/>\n<meta name=\"twitter:card\" content=\"summary_large_image\" \/>\n<meta name=\"twitter:label1\" content=\"Tempo di lettura stimato\" \/>\n\t<meta name=\"twitter:data1\" content=\"1 minuto\" \/>\n<!-- \/ Yoast SEO plugin. -->","yoast_head_json":{"title":"Privacy Statement (UK) - Made Murano Glass","robots":{"index":"noindex","follow":"nofollow"},"og_locale":"it_IT","og_type":"article","og_title":"Privacy Statement (UK) - Made Murano Glass","og_url":"https:\/\/www.mademuranoglass.com\/it\/privacy-statement-uk\/","og_site_name":"Made Murano Glass","article_publisher":"https:\/\/www.facebook.com\/mademuranoglass.com.it","article_modified_time":"2025-01-08T07:23:46+00:00","twitter_card":"summary_large_image","twitter_misc":{"Tempo di lettura stimato":"1 minuto"},"schema":{"@context":"https:\/\/schema.org","@graph":[{"@type":"WebPage","@id":"https:\/\/www.mademuranoglass.com\/it\/privacy-statement-uk\/","url":"https:\/\/www.mademuranoglass.com\/it\/privacy-statement-uk\/","name":"Privacy Statement (UK) - Made Murano Glass","isPartOf":{"@id":"https:\/\/www.mademuranoglass.com\/it\/#website"},"datePublished":"2022-05-12T21:54:00+00:00","dateModified":"2025-01-08T07:23:46+00:00","breadcrumb":{"@id":"https:\/\/www.mademuranoglass.com\/it\/privacy-statement-uk\/#breadcrumb"},"inLanguage":"it-IT","potentialAction":[{"@type":"ReadAction","target":["https:\/\/www.mademuranoglass.com\/it\/privacy-statement-uk\/"]}]},{"@type":"BreadcrumbList","@id":"https:\/\/www.mademuranoglass.com\/it\/privacy-statement-uk\/#breadcrumb","itemListElement":[{"@type":"ListItem","position":1,"name":"Home","item":"https:\/\/www.mademuranoglass.com\/it\/"},{"@type":"ListItem","position":2,"name":"Privacy Statement (UK)"}]},{"@type":"WebSite","@id":"https:\/\/www.mademuranoglass.com\/it\/#website","url":"https:\/\/www.mademuranoglass.com\/it\/","name":"Made Murano Glass","description":"Buy Venetian Glassware Online","publisher":{"@id":"https:\/\/www.mademuranoglass.com\/it\/#organization"},"potentialAction":[{"@type":"SearchAction","target":{"@type":"EntryPoint","urlTemplate":"https:\/\/www.mademuranoglass.com\/it\/?s={search_term_string}"},"query-input":{"@type":"PropertyValueSpecification","valueRequired":true,"valueName":"search_term_string"}}],"inLanguage":"it-IT"},{"@type":"Organization","@id":"https:\/\/www.mademuranoglass.com\/it\/#organization","name":"Made Murano Glass","url":"https:\/\/www.mademuranoglass.com\/it\/","logo":{"@type":"ImageObject","inLanguage":"it-IT","@id":"https:\/\/www.mademuranoglass.com\/it\/#\/schema\/logo\/image\/","url":"https:\/\/www.mademuranoglass.com\/wp-content\/uploads\/2023\/10\/logo_500x500.png","contentUrl":"https:\/\/www.mademuranoglass.com\/wp-content\/uploads\/2023\/10\/logo_500x500.png","width":500,"height":500,"caption":"Made Murano Glass"},"image":{"@id":"https:\/\/www.mademuranoglass.com\/it\/#\/schema\/logo\/image\/"},"sameAs":["https:\/\/www.facebook.com\/mademuranoglass.com.it"]}]}},"_links":{"self":[{"href":"https:\/\/www.mademuranoglass.com\/it\/wp-json\/wp\/v2\/pages\/38830","targetHints":{"allow":["GET"]}}],"collection":[{"href":"https:\/\/www.mademuranoglass.com\/it\/wp-json\/wp\/v2\/pages"}],"about":[{"href":"https:\/\/www.mademuranoglass.com\/it\/wp-json\/wp\/v2\/types\/page"}],"author":[{"embeddable":true,"href":"https:\/\/www.mademuranoglass.com\/it\/wp-json\/wp\/v2\/users\/1"}],"replies":[{"embeddable":true,"href":"https:\/\/www.mademuranoglass.com\/it\/wp-json\/wp\/v2\/comments?post=38830"}],"version-history":[{"count":0,"href":"https:\/\/www.mademuranoglass.com\/it\/wp-json\/wp\/v2\/pages\/38830\/revisions"}],"wp:attachment":[{"href":"https:\/\/www.mademuranoglass.com\/it\/wp-json\/wp\/v2\/media?parent=38830"}],"curies":[{"name":"wp","href":"https:\/\/api.w.org\/{rel}","templated":true}]}}