{"id":28807,"date":"2016-05-06T00:00:00","date_gmt":"2016-05-05T22:00:00","guid":{"rendered":"https:\/\/www.mademuranoglass.com\/wp\/shop\/esclusivo-lampadario-murano-24126-luci-tre-piani\/"},"modified":"2021-03-31T09:56:17","modified_gmt":"2021-03-31T07:56:17","slug":"esclusivo-lampadario-murano-24126-luci-tre-piani","status":"publish","type":"product","link":"https:\/\/www.mademuranoglass.com\/it\/shop\/esclusivo-lampadario-murano-24126-luci-tre-piani\/","title":{"rendered":"Esclusivo Lampadario Murano 24+12+6 Luci &#8211; Tre Piani"},"content":{"rendered":"<p style=\"text-align: justify\"><span style=\"color: #333333;font-size: 12pt\">Esclusivo lampadario Murano a tre piani con 24 +12+6 luci color cristallo con decorazioni tutto in foglia d&#8217;oro 24kt e fiori in vetro pasta colorata.<br \/>Interamente lavorato a mano con estrema cura e abilit\u00e0 nelle migliori vetrerie Murano da famosi Maestri vetrai dell\u2019Isola.&nbsp;Questo fantastico lampadario della serie Rezzonico Veneziano completamente in foglia oro 24kt \u00e8 una esclusiva Made Murano Glass, ogni singolo pezzo viene eseguito a mano, senza uso di stampi, i fiori in pasta di vetro vengono modellati con molta cura, abilit\u00e0 e passione dai nostri Maestri vetrai, dando cos\u00ec un tocco di artigianalit\u00e0 italiana.&nbsp;<\/span><span style=\"color: #333333;font-size: 12pt\">Questa magnifica opera dar\u00e0 luce a qualsiasi ambiente diffondendo eleganza e calore.&nbsp;<\/span><\/p>\n<p><span style=\"text-decoration: underline\">La consegna sar\u00e0 effettuata con<\/span>:<br \/>&#8211; CERTIFICATO DI GARANZIA<br \/>&#8211; ISTRUZIONI DI MONTAGGIO<br \/>&#8211; 3 RICAMBI DI: Foglia &#8211; fiore o anello (dove previsto)<br \/>&#8211; IMBALLAGGIO IN BLISTER SOTTOVUOTO<br \/>&#8211; CATENA METALLICA (color oro o nickel)<br \/>&#8211; STRUTTURA METALLICA COMPLETA (color oro o nickel)<br \/>&#8211; ROSONE COPRI FILI A SOFFITTO<br \/>&#8211; ASSICURAZIONE PRODOTTO<\/p>\n<p><span style=\"color: #000000\"><span style=\"text-decoration: underline\">Possibilit\u00e0 di acquisto contattandoci<\/span>:&nbsp;<\/span><br \/>&#8211; Personalizzare il colore<br \/>&#8211; Applique da parete<br \/>&#8211; Lampada da tavolo<\/p>\n<p>&nbsp;<\/p>\n<p style=\"text-align: justify\"><span style=\"color: #000000;font-size: 12pt\">CONSEGNA IN 2 &#8211; 4 SETTIMANE<\/span><\/p>\n<p>&nbsp;<\/p>\n","protected":false},"excerpt":{"rendered":"<p>Esclusivo lampadario Murano a tre piani con 24 +12+6 luci color cristallo con decorazioni tutto in foglia d&#8217;oro 24kt e fiori in vetro pasta colorata.Interamente lavorato a mano con estrema cura e abilit\u00e0 nelle migliori vetrerie Murano da famosi Maestri vetrai dell\u2019Isola.&nbsp;Questo fantastico lampadario della serie Rezzonico Veneziano completamente in foglia oro 24kt \u00e8 una [&hellip;]<\/p>\n","protected":false},"featured_media":20436,"template":"","meta":[],"product_brand":[],"product_cat":[220,224],"product_tag":[],"class_list":{"0":"post-28807","1":"product","2":"type-product","3":"status-publish","4":"has-post-thumbnail","6":"product_cat-lampadari-in-vetro-di-murano","7":"product_cat-lampadari-murano-8-e-luci","9":"first","10":"instock","11":"taxable","12":"shipping-taxable","13":"purchasable","14":"product-type-simple"},"yoast_head":"<!-- This site is optimized with the Yoast SEO plugin v26.9 - https:\/\/yoast.com\/product\/yoast-seo-wordpress\/ -->\n<title>Esclusivo Lampadario Murano 24+12+6 Luci - Tre Piani - Made Murano Glass<\/title>\n<meta name=\"description\" content=\"Lampadari Murano Vetro Oro Prodotto a Mano. Illuminazione per la casa Classica e Moderna. Lampade in Vetro con Certificato di Garanzia. Murano Design\" \/>\n<meta name=\"robots\" content=\"index, follow, max-snippet:-1, max-image-preview:large, max-video-preview:-1\" \/>\n<link rel=\"canonical\" href=\"https:\/\/www.mademuranoglass.com\/it\/shop\/esclusivo-lampadario-murano-24126-luci-tre-piani\/\" \/>\n<meta property=\"og:locale\" content=\"it_IT\" \/>\n<meta property=\"og:type\" content=\"article\" \/>\n<meta property=\"og:title\" content=\"Esclusivo Lampadario Murano 24+12+6 Luci - Tre Piani - Made Murano Glass\" \/>\n<meta property=\"og:description\" content=\"Lampadari Murano Vetro Oro Prodotto a Mano. Illuminazione per la casa Classica e Moderna. Lampade in Vetro con Certificato di Garanzia. Murano Design\" \/>\n<meta property=\"og:url\" content=\"https:\/\/www.mademuranoglass.com\/it\/shop\/esclusivo-lampadario-murano-24126-luci-tre-piani\/\" \/>\n<meta property=\"og:site_name\" content=\"Made Murano Glass\" \/>\n<meta property=\"article:publisher\" content=\"https:\/\/www.facebook.com\/mademuranoglass.com.it\" \/>\n<meta property=\"article:modified_time\" content=\"2021-03-31T07:56:17+00:00\" \/>\n<meta property=\"og:image\" content=\"https:\/\/www.mademuranoglass.com\/wp-content\/uploads\/2021\/01\/serie303-file145.jpg\" \/>\n\t<meta property=\"og:image:width\" content=\"1283\" \/>\n\t<meta property=\"og:image:height\" content=\"1629\" \/>\n\t<meta property=\"og:image:type\" content=\"image\/jpeg\" \/>\n<meta name=\"twitter:card\" content=\"summary_large_image\" \/>\n<meta name=\"twitter:label1\" content=\"Prezzo\" \/>\n\t<meta name=\"twitter:data1\" content=\"41770.06&nbsp;&#036; IVA inclusa\" \/>\n\t<meta name=\"twitter:label2\" content=\"Disponibilit\u00e0\" \/>\n\t<meta name=\"twitter:data2\" content=\"In stock\" \/>\n<meta property=\"product:price:amount\" content=\"36243.00\" \/>\n<meta property=\"product:price:currency\" content=\"USD\" \/>\n<meta property=\"og:availability\" content=\"instock\" \/>\n<meta property=\"product:availability\" content=\"instock\" \/>\n<meta property=\"product:retailer_item_id\" content=\"art LPDR0080-24+12+6\" \/>\n<meta property=\"product:condition\" content=\"new\" \/>\n<!-- \/ Yoast SEO plugin. -->","yoast_head_json":{"title":"Esclusivo Lampadario Murano 24+12+6 Luci - Tre Piani - Made Murano Glass","description":"Lampadari Murano Vetro Oro Prodotto a Mano. Illuminazione per la casa Classica e Moderna. Lampade in Vetro con Certificato di Garanzia. Murano Design","robots":{"index":"index","follow":"follow","max-snippet":"max-snippet:-1","max-image-preview":"max-image-preview:large","max-video-preview":"max-video-preview:-1"},"canonical":"https:\/\/www.mademuranoglass.com\/it\/shop\/esclusivo-lampadario-murano-24126-luci-tre-piani\/","og_locale":"it_IT","og_type":"article","og_title":"Esclusivo Lampadario Murano 24+12+6 Luci - Tre Piani - Made Murano Glass","og_description":"Lampadari Murano Vetro Oro Prodotto a Mano. Illuminazione per la casa Classica e Moderna. Lampade in Vetro con Certificato di Garanzia. Murano Design","og_url":"https:\/\/www.mademuranoglass.com\/it\/shop\/esclusivo-lampadario-murano-24126-luci-tre-piani\/","og_site_name":"Made Murano Glass","article_publisher":"https:\/\/www.facebook.com\/mademuranoglass.com.it","article_modified_time":"2021-03-31T07:56:17+00:00","og_image":[{"width":1283,"height":1629,"url":"https:\/\/www.mademuranoglass.com\/wp-content\/uploads\/2021\/01\/serie303-file145.jpg","type":"image\/jpeg"}],"twitter_card":"summary_large_image","twitter_misc":{"Prezzo":"41770.06&nbsp;&#36; IVA inclusa","Disponibilit\u00e0":"In stock"},"schema":{"@context":"https:\/\/schema.org","@graph":[{"@type":["WebPage","ItemPage"],"@id":"https:\/\/www.mademuranoglass.com\/it\/shop\/esclusivo-lampadario-murano-24126-luci-tre-piani\/","url":"https:\/\/www.mademuranoglass.com\/it\/shop\/esclusivo-lampadario-murano-24126-luci-tre-piani\/","name":"Esclusivo Lampadario Murano 24+12+6 Luci - Tre Piani - Made Murano Glass","isPartOf":{"@id":"https:\/\/www.mademuranoglass.com\/it\/#website"},"primaryImageOfPage":{"@id":"https:\/\/www.mademuranoglass.com\/it\/shop\/esclusivo-lampadario-murano-24126-luci-tre-piani\/#primaryimage"},"image":{"@id":"https:\/\/www.mademuranoglass.com\/it\/shop\/esclusivo-lampadario-murano-24126-luci-tre-piani\/#primaryimage"},"thumbnailUrl":"https:\/\/www.mademuranoglass.com\/wp-content\/uploads\/2021\/01\/serie303-file145.jpg","datePublished":"2016-05-05T22:00:00+00:00","dateModified":"2021-03-31T07:56:17+00:00","description":"Lampadari Murano Vetro Oro Prodotto a Mano. Illuminazione per la casa Classica e Moderna. Lampade in Vetro con Certificato di Garanzia. Murano Design","breadcrumb":{"@id":"https:\/\/www.mademuranoglass.com\/it\/shop\/esclusivo-lampadario-murano-24126-luci-tre-piani\/#breadcrumb"},"inLanguage":"it-IT","potentialAction":[{"@type":"ReadAction","target":["https:\/\/www.mademuranoglass.com\/it\/shop\/esclusivo-lampadario-murano-24126-luci-tre-piani\/"]}]},{"@type":"ImageObject","inLanguage":"it-IT","@id":"https:\/\/www.mademuranoglass.com\/it\/shop\/esclusivo-lampadario-murano-24126-luci-tre-piani\/#primaryimage","url":"https:\/\/www.mademuranoglass.com\/wp-content\/uploads\/2021\/01\/serie303-file145.jpg","contentUrl":"https:\/\/www.mademuranoglass.com\/wp-content\/uploads\/2021\/01\/serie303-file145.jpg","width":1283,"height":1629,"caption":"Esclusivo Lampadario Murano 24+12+6 Luci - Tre Piani"},{"@type":"BreadcrumbList","@id":"https:\/\/www.mademuranoglass.com\/it\/shop\/esclusivo-lampadario-murano-24126-luci-tre-piani\/#breadcrumb","itemListElement":[{"@type":"ListItem","position":1,"name":"Home","item":"https:\/\/www.mademuranoglass.com\/it\/"},{"@type":"ListItem","position":2,"name":"Negozio Online","item":"https:\/\/www.mademuranoglass.com\/it\/shop\/"},{"@type":"ListItem","position":3,"name":"Esclusivo Lampadario Murano 24+12+6 Luci &#8211; Tre Piani"}]},{"@type":"WebSite","@id":"https:\/\/www.mademuranoglass.com\/it\/#website","url":"https:\/\/www.mademuranoglass.com\/it\/","name":"Made Murano Glass","description":"Buy Venetian Glassware Online","publisher":{"@id":"https:\/\/www.mademuranoglass.com\/it\/#organization"},"potentialAction":[{"@type":"SearchAction","target":{"@type":"EntryPoint","urlTemplate":"https:\/\/www.mademuranoglass.com\/it\/?s={search_term_string}"},"query-input":{"@type":"PropertyValueSpecification","valueRequired":true,"valueName":"search_term_string"}}],"inLanguage":"it-IT"},{"@type":"Organization","@id":"https:\/\/www.mademuranoglass.com\/it\/#organization","name":"Made Murano Glass","url":"https:\/\/www.mademuranoglass.com\/it\/","logo":{"@type":"ImageObject","inLanguage":"it-IT","@id":"https:\/\/www.mademuranoglass.com\/it\/#\/schema\/logo\/image\/","url":"https:\/\/www.mademuranoglass.com\/wp-content\/uploads\/2023\/10\/logo_500x500.png","contentUrl":"https:\/\/www.mademuranoglass.com\/wp-content\/uploads\/2023\/10\/logo_500x500.png","width":500,"height":500,"caption":"Made Murano Glass"},"image":{"@id":"https:\/\/www.mademuranoglass.com\/it\/#\/schema\/logo\/image\/"},"sameAs":["https:\/\/www.facebook.com\/mademuranoglass.com.it"]}]},"product_price_amount":"36243.00","product_price_currency":"USD","og_availability":"instock","product_availability":"instock","product_retailer_item_id":"art LPDR0080-24+12+6","product_condition":"new"},"tiered_pricing_type":"fixed","tiered_pricing_fixed_rules":[],"tiered_pricing_product_settings":{"layout":"default","base_unit_name":{"singular":null,"plural":null},"default_variation":null},"tiered_pricing_minimum_quantity":null,"tiered_pricing_roles_data":[],"tiered_pricing_percentage_rules":[],"tiered_pricing_maximum_quantity":null,"tiered_pricing_quantity_step":null,"_links":{"self":[{"href":"https:\/\/www.mademuranoglass.com\/it\/wp-json\/wp\/v2\/product\/28807","targetHints":{"allow":["GET"]}}],"collection":[{"href":"https:\/\/www.mademuranoglass.com\/it\/wp-json\/wp\/v2\/product"}],"about":[{"href":"https:\/\/www.mademuranoglass.com\/it\/wp-json\/wp\/v2\/types\/product"}],"wp:featuredmedia":[{"embeddable":true,"href":"https:\/\/www.mademuranoglass.com\/it\/wp-json\/wp\/v2\/media\/20436"}],"wp:attachment":[{"href":"https:\/\/www.mademuranoglass.com\/it\/wp-json\/wp\/v2\/media?parent=28807"}],"wp:term":[{"taxonomy":"product_brand","embeddable":true,"href":"https:\/\/www.mademuranoglass.com\/it\/wp-json\/wp\/v2\/product_brand?post=28807"},{"taxonomy":"product_cat","embeddable":true,"href":"https:\/\/www.mademuranoglass.com\/it\/wp-json\/wp\/v2\/product_cat?post=28807"},{"taxonomy":"product_tag","embeddable":true,"href":"https:\/\/www.mademuranoglass.com\/it\/wp-json\/wp\/v2\/product_tag?post=28807"}],"curies":[{"name":"wp","href":"https:\/\/api.w.org\/{rel}","templated":true}]}}